{"id":52,"date":"2025-05-04T21:21:19","date_gmt":"2025-05-04T19:21:19","guid":{"rendered":"https:\/\/slategray-stork-623967.hostingersite.com\/?page_id=52"},"modified":"2025-12-14T11:52:08","modified_gmt":"2025-12-14T10:52:08","slug":"galerie-promitto","status":"publish","type":"page","link":"https:\/\/galeriepromitto.com\/index.php\/galerie-promitto\/","title":{"rendered":"Galerie Promitto"},"content":{"rendered":"<h1>Galerie Promitto<\/h1>\n<div>\n<h5 style=\"text-align: center;\">Fond\u00e9e par Val\u00e9rie Gu\u00e9rin, la Galerie Promitto met en lumi\u00e8re des pi\u00e8ces uniques,<br \/>porteuses de sens et inscrites dans la dur\u00e9e.<\/h5>\n<p style=\"text-align: center;\"><span>Guid\u00e9e par le double sens du mot latin <strong>Promitto<\/strong>, signifiant \u00e0 la fois <\/span><span><strong>\u00ab mettre en avant \u00bb<\/strong> et <strong>\u00ab laisser pousser \u00bb<\/strong>, <br \/><strong><\/strong><\/span><\/p>\n<p style=\"text-align: center;\"><span><strong>la galerie met l\u2019accent sur <br \/><\/strong><\/span><span><strong>les <\/strong><\/span><span><strong>CULBUTO de MARC HELD \u00a0 <br \/><\/strong><\/span><span><strong>et les savoir-faire d&rsquo;excellence<\/strong>, <br \/>tout en <\/span><span>int\u00e9grant une r\u00e9flexion sur la durabilit\u00e9.<\/span><\/p>\n<p style=\"text-align: center;\"><span>Anim\u00e9e par la passion de Val\u00e9rie pour les <strong>mat\u00e9riaux nobles<\/strong><\/span><span>, la galerie se consacre au <strong>mobilier d\u2019art <\/strong><\/span><span><strong>d\u2019exception.<\/strong> <br \/>En \u00e9troite collaboration avec le designer Marc Held et <\/span><span>des artisans des m\u00e9tiers d\u2019art, <br \/>Val\u00e9rie Gu\u00e9rin veille sur chaque \u00e9tape, <\/span><span>de la conception \u00e0 la r\u00e9alisation. <br \/>Les collections, \u00e0 l\u2019image des <\/span><span>embl\u00e9matiques CULBUTO en bois, <br \/>marient innovation technologique <\/span><span>et savoir-faire d&rsquo;excellence. <\/span><\/p>\n<p style=\"text-align: center;\"><span>Puisant leur inspiration dans la nature, ces <\/span><span><strong>cr\u00e9ations<\/strong> <strong>limit\u00e9es, num\u00e9rot\u00e9es et sign\u00e9es <\/strong>se distinguent par leur <\/span><span>po\u00e9sie, leur harmonie et leur \u00e9l\u00e9gance.<\/span><\/p>\n<p style=\"text-align: center;\">\n<\/div>\n<p><img decoding=\"async\" src=\"\/wp-content\/uploads\/2025\/06\/DSC_6540-HD-scaled.jpg\" alt=\"\"><\/p>\n<div>\n<h3 class=\"el-title uk-margin-top uk-margin-remove-bottom\">Une rencontre d\u00e9terminante<\/h3>\n<div class=\"el-content uk-panel uk-margin-top\">\n<p><span>La collaboration entre Val\u00e9rie Gu\u00e9rin et Marc Held <strong>trouve ses racines en <\/strong><\/span><span><strong>2014<\/strong>, lorsqu\u2019ils se rencontrent au Mus\u00e9e des Arts d\u00e9coratifs lors de la <\/span><span>signature de l\u2019ouvrage de Marc Held, 50 ans de design, \u00e9crit par Mich\u00e8le <\/span><span>Champenois et publi\u00e9 aux \u00c9ditions Norma.<\/span><\/p>\n<p><span>D\u00e8s lors, un dialogue se noue autour de<strong> leur passion commune pour le <\/strong><\/span><span><strong>design, l\u2019architecture et les savoir-faire d\u2019excellence.<\/strong> Cette relation <\/span><span>s\u2019est enrichie au fil des ann\u00e9es, notamment lors d\u2019un s\u00e9jour chez Marc <\/span><span>Held \u00e0 Skop\u00e9los, en Gr\u00e8ce, o\u00f9 Val\u00e9rie Gu\u00e9rin a pu d\u00e9couvrir son univers <\/span><span>cr\u00e9atif : un mobilier sculptural, une \u00e9tag\u00e8re a\u00e9rienne \u00e0 ancrages, et un <\/span><span>jardin enchanteur con\u00e7u par le designer.<\/span><\/p>\n<\/div>\n<\/div>\n<p><!--more--><br \/>\n<!-- {\"type\":\"layout\",\"children\":[{\"type\":\"section\",\"props\":{\"image_position\":\"center-center\",\"style\":\"default\",\"title_breakpoint\":\"xl\",\"title_position\":\"top-left\",\"title_rotation\":\"left\",\"vertical_align\":\"middle\",\"width\":\"default\"},\"children\":[{\"type\":\"row\",\"children\":[{\"type\":\"column\",\"props\":{\"image_position\":\"center-center\",\"position_sticky_breakpoint\":\"m\"},\"children\":[{\"type\":\"headline\",\"props\":{\"content\":\"Galerie Promitto\",\"margin\":\"medium\",\"text_align\":\"center\",\"title_color\":\"muted\",\"title_element\":\"h1\",\"title_style\":\"heading-small\"}},{\"type\":\"text\",\"props\":{\"column_breakpoint\":\"m\",\"content\":\"\n\n<h5 style=\\\"text-align: center;\\\">Fond\\u00e9e par Val\\u00e9rie Gu\\u00e9rin, la Galerie Promitto met en lumi\\u00e8re des pi\\u00e8ces uniques,<br \\\/>porteuses de sens et inscrites dans la dur\\u00e9e.<\\\/h5>\\n\n\n<p style=\\\"text-align: center;\\\"><span>Guid\\u00e9e par le double sens du mot latin <strong>Promitto<\\\/strong>, signifiant \\u00e0 la fois <\\\/span><span><strong>\\u00ab mettre en avant \\u00bb<\\\/strong> et <strong>\\u00ab laisser pousser \\u00bb<\\\/strong>, <br \\\/><strong><\\\/strong><\\\/span><\\\/p>\\n\n\n<p style=\\\"text-align: center;\\\"><span><strong>la galerie met l\\u2019accent sur <br \\\/><\\\/strong><\\\/span><span><strong>les <\\\/strong><\\\/span><span><strong>CULBUTO de MARC HELD \\u00a0 <br \\\/><\\\/strong><\\\/span><span><strong>et les savoir-faire d'excellence<\\\/strong>, <br \\\/>tout en <\\\/span><span>int\\u00e9grant une r\\u00e9flexion sur la durabilit\\u00e9.<\\\/span><\\\/p>\\n\n\n<p style=\\\"text-align: center;\\\"><span>Anim\\u00e9e par la passion de Val\\u00e9rie pour les <strong>mat\\u00e9riaux nobles<\\\/strong><\\\/span><span>, la galerie se consacre au <strong>mobilier d\\u2019art <\\\/strong><\\\/span><span><strong>d\\u2019exception.<\\\/strong> <br \\\/>En \\u00e9troite collaboration avec le designer Marc Held et <\\\/span><span>des artisans des m\\u00e9tiers d\\u2019art, <br \\\/>Val\\u00e9rie Gu\\u00e9rin veille sur chaque \\u00e9tape, <\\\/span><span>de la conception \\u00e0 la r\\u00e9alisation. <br \\\/>Les collections, \\u00e0 l\\u2019image des <\\\/span><span>embl\\u00e9matiques CULBUTO en bois, <br \\\/>marient innovation technologique <\\\/span><span>et savoir-faire d'excellence. <\\\/span><\\\/p>\\n\n\n<p style=\\\"text-align: center;\\\"><span>Puisant leur inspiration dans la nature, ces <\\\/span><span><strong>cr\\u00e9ations<\\\/strong> <strong>limit\\u00e9es, num\\u00e9rot\\u00e9es et sign\\u00e9es <\\\/strong>se distinguent par leur <\\\/span><span>po\\u00e9sie, leur harmonie et leur \\u00e9l\\u00e9gance.<\\\/span><\\\/p>\\n\n\n<p style=\\\"text-align: center;\\\"><\\\/p>\",\"margin\":\"default\"}},{\"type\":\"image\",\"props\":{\"image\":\"wp-content\\\/uploads\\\/2025\\\/06\\\/DSC_6540-HD-scaled.jpg\",\"image_svg_color\":\"emphasis\",\"margin\":\"default\"}},{\"type\":\"text\",\"props\":{\"column_breakpoint\":\"m\",\"content\":\"\n\n<h3 class=\\\"el-title uk-margin-top uk-margin-remove-bottom\\\">Une rencontre d\\u00e9terminante<\\\/h3>\\n\n\n<div class=\\\"el-content uk-panel uk-margin-top\\\">\\n\n\n<p><span>La collaboration entre Val\\u00e9rie Gu\\u00e9rin et Marc Held <strong>trouve ses racines en <\\\/strong><\\\/span><span><strong>2014<\\\/strong>, lorsqu\\u2019ils se rencontrent au Mus\\u00e9e des Arts d\\u00e9coratifs lors de la <\\\/span><span>signature de l\\u2019ouvrage de Marc Held, 50 ans de design, \\u00e9crit par Mich\\u00e8le <\\\/span><span>Champenois et publi\\u00e9 aux \\u00c9ditions Norma.<\\\/span><\\\/p>\\n\n\n<p><span>D\\u00e8s lors, un dialogue se noue autour de<strong> leur passion commune pour le <\\\/strong><\\\/span><span><strong>design, l\\u2019architecture et les savoir-faire d\\u2019excellence.<\\\/strong> Cette relation <\\\/span><span>s\\u2019est enrichie au fil des ann\\u00e9es, notamment lors d\\u2019un s\\u00e9jour chez Marc <\\\/span><span>Held \\u00e0 Skop\\u00e9los, en Gr\\u00e8ce, o\\u00f9 Val\\u00e9rie Gu\\u00e9rin a pu d\\u00e9couvrir son univers <\\\/span><span>cr\\u00e9atif : un mobilier sculptural, une \\u00e9tag\\u00e8re a\\u00e9rienne \\u00e0 ancrages, et un <\\\/span><span>jardin enchanteur con\\u00e7u par le designer.<\\\/span><\\\/p>\\n<\\\/div>\",\"margin\":\"default\"}}]}]}]}],\"version\":\"4.5.20\"} --><\/p>\n","protected":false},"excerpt":{"rendered":"<p>Galerie Promitto Fond\u00e9e par Val\u00e9rie Gu\u00e9rin, la Galerie Promitto met en lumi\u00e8re des pi\u00e8ces uniques,porteuses de sens et inscrites dans la dur\u00e9e. Guid\u00e9e par le double sens du mot latin Promitto, signifiant \u00e0 la fois \u00ab mettre en avant \u00bb et \u00ab laisser pousser \u00bb, la galerie met l\u2019accent sur les CULBUTO de MARC HELD [&hellip;]<\/p>\n","protected":false},"author":1,"featured_media":0,"parent":0,"menu_order":0,"comment_status":"closed","ping_status":"closed","template":"","meta":{"footnotes":""},"class_list":["post-52","page","type-page","status-publish","hentry"],"aioseo_notices":[],"_links":{"self":[{"href":"https:\/\/galeriepromitto.com\/index.php\/wp-json\/wp\/v2\/pages\/52","targetHints":{"allow":["GET"]}}],"collection":[{"href":"https:\/\/galeriepromitto.com\/index.php\/wp-json\/wp\/v2\/pages"}],"about":[{"href":"https:\/\/galeriepromitto.com\/index.php\/wp-json\/wp\/v2\/types\/page"}],"author":[{"embeddable":true,"href":"https:\/\/galeriepromitto.com\/index.php\/wp-json\/wp\/v2\/users\/1"}],"replies":[{"embeddable":true,"href":"https:\/\/galeriepromitto.com\/index.php\/wp-json\/wp\/v2\/comments?post=52"}],"version-history":[{"count":48,"href":"https:\/\/galeriepromitto.com\/index.php\/wp-json\/wp\/v2\/pages\/52\/revisions"}],"predecessor-version":[{"id":687,"href":"https:\/\/galeriepromitto.com\/index.php\/wp-json\/wp\/v2\/pages\/52\/revisions\/687"}],"wp:attachment":[{"href":"https:\/\/galeriepromitto.com\/index.php\/wp-json\/wp\/v2\/media?parent=52"}],"curies":[{"name":"wp","href":"https:\/\/api.w.org\/{rel}","templated":true}]}}