{"id":50,"date":"2025-05-04T21:20:50","date_gmt":"2025-05-04T19:20:50","guid":{"rendered":"https:\/\/slategray-stork-623967.hostingersite.com\/?page_id=50"},"modified":"2025-07-02T11:04:41","modified_gmt":"2025-07-02T09:04:41","slug":"marc-held","status":"publish","type":"page","link":"https:\/\/galeriepromitto.com\/index.php\/marc-held\/","title":{"rendered":"Marc Held"},"content":{"rendered":"<h1>Marc Held<\/h1>\n<ul>\n<li>\n<p>        <img decoding=\"async\" src=\"\/wp-content\/uploads\/2025\/06\/Capture-decran-2025-03-17-a-15.02.50.png\" alt=\"\"><\/p>\n<\/li>\n<li>\n<h3>Marc Held, un designer engag\u00e9<\/h3>\n<div>\n<p>Le designer, architecte et photographe fran\u00e7ais Marc Held s\u2019est impos\u00e9 comme une figure majeure du design contemporain.<br \/><strong>Son travail conjugue minimalisme, ergonomie et engagement \u00e9cologique.<\/strong><\/p>\n<p>Apr\u00e8s des d\u00e9buts en photographie et au th\u00e9\u00e2tre, il se consacre pleinement au design et \u00e0 l\u2019architecture, cr\u00e9ant des meubles totalement novateurs. Parmi ses cr\u00e9ations les plus c\u00e9l\u00e8bres figurent <strong>les CULBUTO<\/strong>, devenus une r\u00e9f\u00e9rence dans l\u2019histoire du design. Ses \u0153uvres sont expos\u00e9es dans des institutions prestigieuses comme le MAD \u00e0 Paris et le Cooper Hewitt \u00e0 New York.<\/p>\n<p>Aujourd\u2019hui, Marc Held oriente son travail vers <strong>des enjeux \u00e9cologiques, privil\u00e9giant les mat\u00e9riaux naturels et plaidant pour une urbanit\u00e9 plus harmonieuse.<\/strong><\/p>\n<\/p>\n<\/div>\n<\/li>\n<\/ul>\n<div>\n<p><span>Tout au long de sa carri\u00e8re, Marc Held a manifest\u00e9 un <strong>profond respect pour les artisans et leurs comp\u00e9tences<\/strong>. Il \u00a0privil\u00e9gie les circuits courts, le travail avec des ateliers locaux et la transmission des techniques traditionnelles. Pour lui, <strong>le dialogue avec l&rsquo;artisan est essentiel<\/strong>, enrichissant le processus cr\u00e9atif et garantissant l&rsquo;excellence du produit fini. Cette philosophie est d&rsquo;ailleurs au c\u0153ur de projets comme les fameux CULBUTO, qui illustrent parfaitement sa d\u00e9marche : des meubles-sculptures \u00ab<strong> fabriqu\u00e9s avec soin et respectueux de la mati\u00e8re.<\/strong><\/span><\/p>\n<\/div>\n<blockquote>\n<p><span>\u00ab Le Culbuto de Marc Held s&rsquo;offre aujourd&rsquo;hui une nouvelle parure luxueuse : apr\u00e8s la fibre de verre et polyester, l\u00e9gitimes et valorisants dans les ann\u00e9es 1970, chez Knoll, le voil\u00e0 en bois massif \u00e9dit\u00e9 en s\u00e9rie limit\u00e9e par la galerie parisienne Promitto by Val\u00e9rie Gu\u00e9rin &#8230; \u00bb<\/span><\/p>\n<footer>\n<p>                <cite>V\u00e9ronique Lorelle, Le monde<\/cite><\/p>\n<\/footer>\n<\/blockquote>\n<div>\n<p><span>Marc Held reste fid\u00e8le \u00e0 ses convictions, loin des tendances \u00e9ph\u00e9m\u00e8res de la production de masse. C\u2019est un pionnier du design durable et responsable, dont l\u2019influence continue d\u2019inspirer de nouvelles g\u00e9n\u00e9rations de cr\u00e9ateurs. Son \u0153uvre est un t\u00e9moignage de l\u2019importance de la provenance, de la qualit\u00e9 et de la connexion humaine dans le processus de cr\u00e9ation.<\/span><\/p>\n<\/div>\n<blockquote>\n<h5 style=\"text-align: center;\">Avec la Galerie Promitto, Val\u00e9rie Gu\u00e9rin et Marc Held ouvrent un nouveau chapitre en soulignant<br \/>la dimension sculpturale, la conception et l\u2019esth\u00e9tique \u00e9levant ces meubles-sculptures au rang d\u2019objet d\u2019art.<\/h5>\n<\/blockquote>\n<p><!--more--><br \/>\n<!-- {\"type\":\"layout\",\"children\":[{\"type\":\"section\",\"props\":{\"image_position\":\"center-center\",\"style\":\"default\",\"title_breakpoint\":\"xl\",\"title_position\":\"top-left\",\"title_rotation\":\"left\",\"vertical_align\":\"middle\",\"width\":\"default\"},\"children\":[{\"type\":\"row\",\"children\":[{\"type\":\"column\",\"props\":{\"image_position\":\"center-center\",\"position_sticky_breakpoint\":\"m\"},\"children\":[{\"type\":\"headline\",\"props\":{\"blend\":false,\"content\":\"Marc Held\",\"margin\":\"medium\",\"margin_remove_top\":false,\"position\":\"relative\",\"position_left\":\"0\",\"text_align\":\"center\",\"title_color\":\"secondary\",\"title_element\":\"h1\",\"title_style\":\"heading-small\"}},{\"type\":\"grid\",\"props\":{\"content_column_breakpoint\":\"m\",\"filter_align\":\"left\",\"filter_all\":true,\"filter_grid_breakpoint\":\"m\",\"filter_grid_width\":\"auto\",\"filter_position\":\"top\",\"filter_style\":\"tab\",\"grid_default\":\"1\",\"grid_large\":\"2\",\"grid_medium\":\"2\",\"icon_width\":80,\"image_align\":\"top\",\"image_grid_breakpoint\":\"m\",\"image_grid_width\":\"1-2\",\"image_svg_color\":\"emphasis\",\"item_animation\":true,\"lightbox_bg_close\":true,\"link_style\":\"default\",\"link_text\":\"Read more\",\"margin\":\"default\",\"meta_align\":\"below-title\",\"meta_element\":\"div\",\"meta_style\":\"text-meta\",\"show_content\":true,\"show_hover_image\":true,\"show_hover_video\":true,\"show_image\":true,\"show_link\":true,\"show_meta\":true,\"show_title\":true,\"show_video\":true,\"title_align\":\"top\",\"title_element\":\"h3\",\"title_grid_breakpoint\":\"m\",\"title_grid_width\":\"1-2\",\"title_hover_style\":\"reset\"},\"children\":[{\"type\":\"grid_item\",\"props\":{\"image\":\"wp-content\\\/uploads\\\/2025\\\/06\\\/Capture-decran-2025-03-17-a-15.02.50.png\",\"title\":\"\"}},{\"type\":\"grid_item\",\"props\":{\"content\":\"\n\n<p>Le designer, architecte et photographe fran\\u00e7ais Marc Held s\\u2019est impos\\u00e9 comme une figure majeure du design contemporain.<br \\\/><strong>Son travail conjugue minimalisme, ergonomie et engagement \\u00e9cologique.<\\\/strong><\\\/p>\\n\n\n<p>Apr\\u00e8s des d\\u00e9buts en photographie et au th\\u00e9\\u00e2tre, il se consacre pleinement au design et \\u00e0 l\\u2019architecture, cr\\u00e9ant des meubles totalement novateurs. Parmi ses cr\\u00e9ations les plus c\\u00e9l\\u00e8bres figurent <strong>les CULBUTO<\\\/strong>, devenus une r\\u00e9f\\u00e9rence dans l\\u2019histoire du design. Ses \\u0153uvres sont expos\\u00e9es dans des institutions prestigieuses comme le MAD \\u00e0 Paris et le Cooper Hewitt \\u00e0 New York.<\\\/p>\\n\n\n<p>Aujourd\\u2019hui, Marc Held oriente son travail vers <strong>des enjeux \\u00e9cologiques, privil\\u00e9giant les mat\\u00e9riaux naturels et plaidant pour une urbanit\\u00e9 plus harmonieuse.<\\\/strong><\\\/p>\\n\n\n<p><\\\/p>\",\"title\":\"Marc Held, un designer engag\\u00e9\"}}]},{\"type\":\"text\",\"props\":{\"column_breakpoint\":\"m\",\"content\":\"\n\n<p><span>Tout au long de sa carri\\u00e8re, Marc Held a manifest\\u00e9 un <strong>profond respect pour les artisans et leurs comp\\u00e9tences<\\\/strong>. Il \\u00a0privil\\u00e9gie les circuits courts, le travail avec des ateliers locaux et la transmission des techniques traditionnelles. Pour lui, <strong>le dialogue avec l'artisan est essentiel<\\\/strong>, enrichissant le processus cr\\u00e9atif et garantissant l'excellence du produit fini. Cette philosophie est d'ailleurs au c\\u0153ur de projets comme les fameux CULBUTO, qui illustrent parfaitement sa d\\u00e9marche : des meubles-sculptures \\u00ab<strong> fabriqu\\u00e9s avec soin et respectueux de la mati\\u00e8re.<\\\/strong><\\\/span><\\\/p>\",\"margin\":\"default\"}},{\"type\":\"quotation\",\"props\":{\"author\":\"V\\u00e9ronique Lorelle, Le monde\",\"content\":\"\n\n<p><span>\\u00ab Le Culbuto de Marc Held s'offre aujourd'hui une nouvelle parure luxueuse : apr\\u00e8s la fibre de verre et polyester, l\\u00e9gitimes et valorisants dans les ann\\u00e9es 1970, chez Knoll, le voil\\u00e0 en bois massif \\u00e9dit\\u00e9 en s\\u00e9rie limit\\u00e9e par la galerie parisienne Promitto by Val\\u00e9rie Gu\\u00e9rin ... \\u00bb<\\\/span><\\\/p>\"}},{\"type\":\"text\",\"props\":{\"column_breakpoint\":\"m\",\"content\":\"\n\n<p><span>Marc Held reste fid\\u00e8le \\u00e0 ses convictions, loin des tendances \\u00e9ph\\u00e9m\\u00e8res de la production de masse. C\\u2019est un pionnier du design durable et responsable, dont l\\u2019influence continue d\\u2019inspirer de nouvelles g\\u00e9n\\u00e9rations de cr\\u00e9ateurs. Son \\u0153uvre est un t\\u00e9moignage de l\\u2019importance de la provenance, de la qualit\\u00e9 et de la connexion humaine dans le processus de cr\\u00e9ation.<\\\/span><\\\/p>\",\"margin\":\"default\"}},{\"type\":\"quotation\",\"props\":{\"content\":\"\n\n<h5 style=\\\"text-align: center;\\\">Avec la Galerie Promitto, Val\\u00e9rie Gu\\u00e9rin et Marc Held ouvrent un nouveau chapitre en soulignant<br \\\/>la dimension sculpturale, la conception et l\\u2019esth\\u00e9tique \\u00e9levant ces meubles-sculptures au rang d\\u2019objet d\\u2019art.<\\\/h5>\"}}]}]}]},{\"type\":\"section\",\"props\":{\"image_position\":\"center-center\",\"style\":\"default\",\"title_breakpoint\":\"xl\",\"title_position\":\"top-left\",\"title_rotation\":\"left\",\"vertical_align\":\"middle\",\"width\":\"default\"},\"children\":[{\"type\":\"row\",\"children\":[{\"type\":\"column\",\"props\":{\"image_position\":\"center-center\",\"position_sticky_breakpoint\":\"m\"}}]}]}],\"version\":\"4.5.20\"} --><\/p>\n","protected":false},"excerpt":{"rendered":"<p>Marc Held Marc Held, un designer engag\u00e9 Le designer, architecte et photographe fran\u00e7ais Marc Held s\u2019est impos\u00e9 comme une figure majeure du design contemporain.Son travail conjugue minimalisme, ergonomie et engagement \u00e9cologique. Apr\u00e8s des d\u00e9buts en photographie et au th\u00e9\u00e2tre, il se consacre pleinement au design et \u00e0 l\u2019architecture, cr\u00e9ant des meubles totalement novateurs. Parmi ses [&hellip;]<\/p>\n","protected":false},"author":1,"featured_media":0,"parent":0,"menu_order":0,"comment_status":"closed","ping_status":"closed","template":"","meta":{"footnotes":""},"class_list":["post-50","page","type-page","status-publish","hentry"],"aioseo_notices":[],"_links":{"self":[{"href":"https:\/\/galeriepromitto.com\/index.php\/wp-json\/wp\/v2\/pages\/50","targetHints":{"allow":["GET"]}}],"collection":[{"href":"https:\/\/galeriepromitto.com\/index.php\/wp-json\/wp\/v2\/pages"}],"about":[{"href":"https:\/\/galeriepromitto.com\/index.php\/wp-json\/wp\/v2\/types\/page"}],"author":[{"embeddable":true,"href":"https:\/\/galeriepromitto.com\/index.php\/wp-json\/wp\/v2\/users\/1"}],"replies":[{"embeddable":true,"href":"https:\/\/galeriepromitto.com\/index.php\/wp-json\/wp\/v2\/comments?post=50"}],"version-history":[{"count":60,"href":"https:\/\/galeriepromitto.com\/index.php\/wp-json\/wp\/v2\/pages\/50\/revisions"}],"predecessor-version":[{"id":653,"href":"https:\/\/galeriepromitto.com\/index.php\/wp-json\/wp\/v2\/pages\/50\/revisions\/653"}],"wp:attachment":[{"href":"https:\/\/galeriepromitto.com\/index.php\/wp-json\/wp\/v2\/media?parent=50"}],"curies":[{"name":"wp","href":"https:\/\/api.w.org\/{rel}","templated":true}]}}