{"id":331,"date":"2025-06-11T14:52:06","date_gmt":"2025-06-11T12:52:06","guid":{"rendered":"https:\/\/slategray-stork-623967.hostingersite.com\/?page_id=331"},"modified":"2025-06-13T17:45:05","modified_gmt":"2025-06-13T15:45:05","slug":"politique-de-confidentialite-2","status":"publish","type":"page","link":"https:\/\/galeriepromitto.com\/index.php\/politique-de-confidentialite-2\/","title":{"rendered":"Politique de confidentialit\u00e9"},"content":{"rendered":"<h1>Politique de confidentialit\u00e9<\/h1>\n<div>\n<p><strong data-start=\"1202\" data-end=\"1234\">Politique de confidentialit\u00e9<\/strong><br data-start=\"1234\" data-end=\"1237\" \/><span>Ce site ne collecte aucune donn\u00e9e personnelle. Il n\u2019utilise aucun cookie ni traceur.<\/span><br data-start=\"1323\" data-end=\"1326\" \/><span>Pour toute question, vous pouvez nous contacter \u00e0 galeriepromitto@galeriepromitto.com.<\/span><\/p>\n<\/div>\n<p><!--more--><br \/>\n<!-- {\"type\":\"layout\",\"children\":[{\"type\":\"section\",\"props\":{\"image_position\":\"center-center\",\"style\":\"default\",\"title_breakpoint\":\"xl\",\"title_position\":\"top-left\",\"title_rotation\":\"left\",\"vertical_align\":\"middle\",\"width\":\"default\"},\"children\":[{\"type\":\"row\",\"children\":[{\"type\":\"column\",\"props\":{\"image_position\":\"center-center\",\"position_sticky_breakpoint\":\"m\"},\"children\":[{\"type\":\"headline\",\"props\":{\"content\":\"Politique de confidentialit\\u00e9\",\"title_element\":\"h1\"}},{\"type\":\"text\",\"props\":{\"column_breakpoint\":\"m\",\"content\":\"\n\n<p><strong data-start=\\\"1202\\\" data-end=\\\"1234\\\">Politique de confidentialit\\u00e9<\\\/strong><br data-start=\\\"1234\\\" data-end=\\\"1237\\\" \\\/><span>Ce site ne collecte aucune donn\\u00e9e personnelle. Il n\\u2019utilise aucun cookie ni traceur.<\\\/span><br data-start=\\\"1323\\\" data-end=\\\"1326\\\" \\\/><span>Pour toute question, vous pouvez nous contacter \\u00e0 galeriepromitto@galeriepromitto.com.<\\\/span><\\\/p>\",\"margin\":\"default\"}}]}]}]}],\"version\":\"4.5.15\"} --><\/p>\n","protected":false},"excerpt":{"rendered":"<p>Politique de confidentialit\u00e9 Politique de confidentialit\u00e9Ce site ne collecte aucune donn\u00e9e personnelle. Il n\u2019utilise aucun cookie ni traceur.Pour toute question, vous pouvez nous contacter \u00e0 galeriepromitto@galeriepromitto.com.<\/p>\n","protected":false},"author":1,"featured_media":0,"parent":0,"menu_order":0,"comment_status":"closed","ping_status":"closed","template":"","meta":{"footnotes":""},"class_list":["post-331","page","type-page","status-publish","hentry"],"aioseo_notices":[],"_links":{"self":[{"href":"https:\/\/galeriepromitto.com\/index.php\/wp-json\/wp\/v2\/pages\/331","targetHints":{"allow":["GET"]}}],"collection":[{"href":"https:\/\/galeriepromitto.com\/index.php\/wp-json\/wp\/v2\/pages"}],"about":[{"href":"https:\/\/galeriepromitto.com\/index.php\/wp-json\/wp\/v2\/types\/page"}],"author":[{"embeddable":true,"href":"https:\/\/galeriepromitto.com\/index.php\/wp-json\/wp\/v2\/users\/1"}],"replies":[{"embeddable":true,"href":"https:\/\/galeriepromitto.com\/index.php\/wp-json\/wp\/v2\/comments?post=331"}],"version-history":[{"count":4,"href":"https:\/\/galeriepromitto.com\/index.php\/wp-json\/wp\/v2\/pages\/331\/revisions"}],"predecessor-version":[{"id":398,"href":"https:\/\/galeriepromitto.com\/index.php\/wp-json\/wp\/v2\/pages\/331\/revisions\/398"}],"wp:attachment":[{"href":"https:\/\/galeriepromitto.com\/index.php\/wp-json\/wp\/v2\/media?parent=331"}],"curies":[{"name":"wp","href":"https:\/\/api.w.org\/{rel}","templated":true}]}}