{"id":200,"date":"2025-06-06T16:54:14","date_gmt":"2025-06-06T14:54:14","guid":{"rendered":"https:\/\/slategray-stork-623967.hostingersite.com\/?page_id=200"},"modified":"2026-01-20T18:26:33","modified_gmt":"2026-01-20T17:26:33","slug":"lottoman-culbuto","status":"publish","type":"page","link":"https:\/\/galeriepromitto.com\/index.php\/lottoman-culbuto\/","title":{"rendered":"L&rsquo;OTTOMAN CULBUTO"},"content":{"rendered":"<h1>L&rsquo;OTTOMAN CULBUTO<\/h1>\n<ul>\n<li>\n<p>        <img decoding=\"async\" src=\"\/wp-content\/uploads\/2026\/01\/2025_05_27_Valerie-Guerin-x-Marc-Held_0-7-HD.jpeg\" alt=\"\"><\/p>\n<div>\n<p><em>l\u2019Ottoman Culbuto (H. 53,1 cm \u00d7 L. 65 cm \u00d7 P. 54 cm)<\/em><\/p>\n<\/div>\n<\/li>\n<li>\n<h3>L&rsquo;OTTOMAN CULBUTO<\/h3>\n<div>\n<p style=\"text-align: left;\">L\u2019Ottoman Culbuto est une pi\u00e8ce de mobilier d\u2019art dont la silhouette fluide et arrondie \u00e9voque le mouvement du balancier.<\/p>\n<p style=\"text-align: left;\">Pour cette (\u00e9dition) collection exclusive en bois, la Galerie Promitto a fait appel \u00e0 des artisans d\u2019art fran\u00e7ais d\u2019exception. Le bois est travaill\u00e9 selon la technique japonaise du Shou Sugi Ban, qui consiste \u00e0 br\u00fbler sa surface afin d\u2019en r\u00e9v\u00e9ler les textures profondes.<\/p>\n<p style=\"text-align: left;\"><strong>Chaque fissure est un trait de caract\u00e8re, rendant chaque pi\u00e8ce unique.<\/strong><\/p>\n<\/p>\n<\/div>\n<\/li>\n<\/ul>\n<div>\n<p style=\"text-align: center;\">\n<div style=\"background-color: #aaa89c; padding: 30px 0;\">\n<div class=\"wp-block-group alignfull\" style=\"padding: 0 20px; max-width: 800px; margin: 0 auto; font-family: inherit; color: #fff;\">\n<h2 style=\"text-align: center; color: #fff;\">Le Shou Sugi Ban<\/h2>\n<p style=\"text-align: center;\">Le Shou Sugi Ban, ou Yakisugi, est une <strong>technique japonaise traditionnelle de traitement du bois par carbonisation<\/strong>. En br\u00fblant la surface du bois, on cr\u00e9e une couche protectrice naturelle qui le rend plus r\u00e9sistant aux intemp\u00e9ries, aux insectes et \u00e0 l\u2019usure du temps.<\/p>\n<p style=\"text-align: center;\">Au-del\u00e0 de ses qualit\u00e9s fonctionnelles, cette m\u00e9thode r\u00e9v\u00e8le une texture singuli\u00e8re, marqu\u00e9e de craquelures et de reflets profonds. <strong>Chaque pi\u00e8ce devient unique<\/strong>, arborant une esth\u00e9tique brute, presque min\u00e9rale, o\u00f9 les irr\u00e9gularit\u00e9s deviennent des traits de caract\u00e8re.<\/p>\n<p style=\"text-align: center;\"><span>Aujourd\u2019hui, le <\/span><strong>Shou Sugi Ban<\/strong><span> est red\u00e9couvert par les designers et artisans d\u2019art pour<\/span><strong> sa beaut\u00e9 expressive <\/strong><span>et <\/span><strong>sa dimension durable.<\/strong><\/p>\n<\/div>\n<\/div>\n<\/div>\n<ul>\n<li>\n<p>        <img decoding=\"async\" src=\"\/wp-content\/uploads\/2025\/06\/2025_05_27_Valerie-Guerin-x-Marc-Held_0-90.jpg\" alt=\"\"><\/p>\n<\/li>\n<li>\n<p>        <img decoding=\"async\" src=\"\/wp-content\/uploads\/2025\/06\/2025_05_27_Valerie-Guerin-x-Marc-Held_0-31.jpg\" alt=\"\"><\/p>\n<\/li>\n<li>\n<p>        <img decoding=\"async\" src=\"\/wp-content\/uploads\/2025\/06\/2025_05_27_Valerie-Guerin-x-Marc-Held_0-120.jpg\" alt=\"\"><\/p>\n<\/li>\n<\/ul>\n<p><!--more--><br \/>\n<!-- {\"type\":\"layout\",\"children\":[{\"type\":\"section\",\"props\":{\"image_position\":\"center-center\",\"style\":\"default\",\"title_breakpoint\":\"xl\",\"title_position\":\"top-left\",\"title_rotation\":\"left\",\"vertical_align\":\"middle\",\"width\":\"default\"},\"children\":[{\"type\":\"row\",\"children\":[{\"type\":\"column\",\"props\":{\"image_position\":\"center-center\",\"position_sticky_breakpoint\":\"m\"},\"children\":[{\"type\":\"headline\",\"props\":{\"content\":\"L'OTTOMAN CULBUTO\",\"margin\":\"medium\",\"text_align\":\"center\",\"title_color\":\"muted\",\"title_element\":\"h1\",\"title_style\":\"heading-small\"}},{\"type\":\"grid\",\"props\":{\"content_column_breakpoint\":\"m\",\"filter_align\":\"left\",\"filter_all\":true,\"filter_grid_breakpoint\":\"m\",\"filter_grid_width\":\"auto\",\"filter_position\":\"top\",\"filter_style\":\"tab\",\"grid_default\":\"1\",\"grid_large\":\"2\",\"grid_medium\":\"2\",\"grid_xlarge\":\"2\",\"icon_width\":80,\"image_align\":\"top\",\"image_grid_breakpoint\":\"m\",\"image_grid_width\":\"1-2\",\"image_svg_color\":\"emphasis\",\"item_animation\":true,\"lightbox_bg_close\":true,\"link_style\":\"default\",\"link_text\":\"Read more\",\"margin\":\"default\",\"meta_align\":\"below-title\",\"meta_element\":\"div\",\"meta_style\":\"text-meta\",\"show_content\":true,\"show_hover_image\":true,\"show_hover_video\":true,\"show_image\":true,\"show_link\":true,\"show_meta\":true,\"show_title\":true,\"show_video\":true,\"title_align\":\"top\",\"title_element\":\"h3\",\"title_grid_breakpoint\":\"m\",\"title_grid_width\":\"1-2\",\"title_hover_style\":\"reset\"},\"children\":[{\"type\":\"grid_item\",\"props\":{\"content\":\"\n\n<p><em>l\\u2019Ottoman Culbuto (H. 53,1 cm \\u00d7 L. 65 cm \\u00d7 P. 54 cm)<\\\/em><\\\/p>\",\"image\":\"wp-content\\\/uploads\\\/2026\\\/01\\\/2025_05_27_Valerie-Guerin-x-Marc-Held_0-7-HD.jpeg\"}},{\"type\":\"grid_item\",\"props\":{\"content\":\"\n\n<p style=\\\"text-align: left;\\\">L\\u2019Ottoman Culbuto est une pi\\u00e8ce de mobilier d\\u2019art dont la silhouette fluide et arrondie \\u00e9voque le mouvement du balancier.<\\\/p>\\n\n\n<p style=\\\"text-align: left;\\\">Pour cette (\\u00e9dition) collection exclusive en bois, la Galerie Promitto a fait appel \\u00e0 des artisans d\\u2019art fran\\u00e7ais d\\u2019exception. Le bois est travaill\\u00e9 selon la technique japonaise du Shou Sugi Ban, qui consiste \\u00e0 br\\u00fbler sa surface afin d\\u2019en r\\u00e9v\\u00e9ler les textures profondes.<\\\/p>\\n\n\n<p style=\\\"text-align: left;\\\"><strong>Chaque fissure est un trait de caract\\u00e8re, rendant chaque pi\\u00e8ce unique.<\\\/strong><\\\/p>\\n\n\n<p><\\\/p>\",\"title\":\"L'OTTOMAN CULBUTO\"}}]},{\"type\":\"headline\",\"props\":{\"content\":\"\",\"title_element\":\"h1\"}},{\"type\":\"text\",\"props\":{\"column_breakpoint\":\"m\",\"content\":\"\n\n<p style=\\\"text-align: center;\\\"><\\\/p>\\n\n\n<div style=\\\"background-color: #aaa89c; padding: 30px 0;\\\">\\n\n\n<div class=\\\"wp-block-group alignfull\\\" style=\\\"padding: 0 20px; max-width: 800px; margin: 0 auto; font-family: inherit; color: #fff;\\\">\\n\n\n<h2 style=\\\"text-align: center; color: #fff;\\\">Le Shou Sugi Ban<\\\/h2>\\n\n\n<p style=\\\"text-align: center;\\\">Le Shou Sugi Ban, ou Yakisugi, est une <strong>technique japonaise traditionnelle de traitement du bois par carbonisation<\\\/strong>. En br\\u00fblant la surface du bois, on cr\\u00e9e une couche protectrice naturelle qui le rend plus r\\u00e9sistant aux intemp\\u00e9ries, aux insectes et \\u00e0 l\\u2019usure du temps.<\\\/p>\\n\n\n<p style=\\\"text-align: center;\\\">Au-del\\u00e0 de ses qualit\\u00e9s fonctionnelles, cette m\\u00e9thode r\\u00e9v\\u00e8le une texture singuli\\u00e8re, marqu\\u00e9e de craquelures et de reflets profonds. <strong>Chaque pi\\u00e8ce devient unique<\\\/strong>, arborant une esth\\u00e9tique brute, presque min\\u00e9rale, o\\u00f9 les irr\\u00e9gularit\\u00e9s deviennent des traits de caract\\u00e8re.<\\\/p>\\n\n\n<p style=\\\"text-align: center;\\\"><span>Aujourd\\u2019hui, le <\\\/span><strong>Shou Sugi Ban<\\\/strong><span> est red\\u00e9couvert par les designers et artisans d\\u2019art pour<\\\/span><strong> sa beaut\\u00e9 expressive <\\\/strong><span>et <\\\/span><strong>sa dimension durable.<\\\/strong><\\\/p>\\n<\\\/div>\\n<\\\/div>\",\"dropcap\":false,\"margin\":\"default\",\"text_color\":\"primary\"}},{\"type\":\"fragment\",\"props\":{\"margin\":\"default\"},\"children\":[{\"type\":\"row\",\"children\":[{\"type\":\"column\",\"props\":{\"image_position\":\"center-center\",\"position_sticky_breakpoint\":\"m\"}}]}]},{\"type\":\"slideshow\",\"props\":{\"link_style\":\"default\",\"link_text\":\"Read more\",\"margin\":\"default\",\"meta_align\":\"below-title\",\"meta_element\":\"div\",\"meta_style\":\"text-meta\",\"nav\":\"dotnav\",\"nav_align\":\"center\",\"nav_breakpoint\":\"s\",\"nav_position\":\"bottom-center\",\"nav_position_margin\":\"medium\",\"overlay_animation\":\"parallax\",\"overlay_position\":\"center-left\",\"show_content\":true,\"show_link\":true,\"show_meta\":true,\"show_thumbnail\":true,\"show_title\":true,\"slidenav\":\"default\",\"slidenav_breakpoint\":\"s\",\"slidenav_margin\":\"medium\",\"slidenav_outside_breakpoint\":\"xl\",\"slideshow_autoplay_pause\":true,\"slideshow_min_height\":300,\"thumbnav_height\":\"75\",\"thumbnav_svg_color\":\"emphasis\",\"thumbnav_width\":\"100\",\"title_element\":\"h3\",\"title_hover_style\":\"reset\"},\"children\":[{\"type\":\"slideshow_item\",\"props\":{\"image\":\"wp-content\\\/uploads\\\/2025\\\/06\\\/2025_05_27_Valerie-Guerin-x-Marc-Held_0-90.jpg\",\"title\":\"\"}},{\"type\":\"slideshow_item\",\"props\":{\"image\":\"wp-content\\\/uploads\\\/2025\\\/06\\\/2025_05_27_Valerie-Guerin-x-Marc-Held_0-31.jpg\",\"title\":\"\"}},{\"type\":\"slideshow_item\",\"props\":{\"image\":\"wp-content\\\/uploads\\\/2025\\\/06\\\/2025_05_27_Valerie-Guerin-x-Marc-Held_0-120.jpg\",\"title\":\"\"}}]}]}]}]}],\"version\":\"4.5.20\"} --><\/p>\n","protected":false},"excerpt":{"rendered":"<p>L&rsquo;OTTOMAN CULBUTO l\u2019Ottoman Culbuto (H. 53,1 cm \u00d7 L. 65 cm \u00d7 P. 54 cm) L&rsquo;OTTOMAN CULBUTO L\u2019Ottoman Culbuto est une pi\u00e8ce de mobilier d\u2019art dont la silhouette fluide et arrondie \u00e9voque le mouvement du balancier. Pour cette (\u00e9dition) collection exclusive en bois, la Galerie Promitto a fait appel \u00e0 des artisans d\u2019art fran\u00e7ais d\u2019exception. [&hellip;]<\/p>\n","protected":false},"author":1,"featured_media":0,"parent":0,"menu_order":0,"comment_status":"closed","ping_status":"closed","template":"","meta":{"footnotes":""},"class_list":["post-200","page","type-page","status-publish","hentry"],"aioseo_notices":[],"_links":{"self":[{"href":"https:\/\/galeriepromitto.com\/index.php\/wp-json\/wp\/v2\/pages\/200","targetHints":{"allow":["GET"]}}],"collection":[{"href":"https:\/\/galeriepromitto.com\/index.php\/wp-json\/wp\/v2\/pages"}],"about":[{"href":"https:\/\/galeriepromitto.com\/index.php\/wp-json\/wp\/v2\/types\/page"}],"author":[{"embeddable":true,"href":"https:\/\/galeriepromitto.com\/index.php\/wp-json\/wp\/v2\/users\/1"}],"replies":[{"embeddable":true,"href":"https:\/\/galeriepromitto.com\/index.php\/wp-json\/wp\/v2\/comments?post=200"}],"version-history":[{"count":40,"href":"https:\/\/galeriepromitto.com\/index.php\/wp-json\/wp\/v2\/pages\/200\/revisions"}],"predecessor-version":[{"id":690,"href":"https:\/\/galeriepromitto.com\/index.php\/wp-json\/wp\/v2\/pages\/200\/revisions\/690"}],"wp:attachment":[{"href":"https:\/\/galeriepromitto.com\/index.php\/wp-json\/wp\/v2\/media?parent=200"}],"curies":[{"name":"wp","href":"https:\/\/api.w.org\/{rel}","templated":true}]}}