{"id":197,"date":"2025-06-06T16:45:20","date_gmt":"2025-06-06T14:45:20","guid":{"rendered":"https:\/\/slategray-stork-623967.hostingersite.com\/?page_id=197"},"modified":"2025-07-24T17:35:39","modified_gmt":"2025-07-24T15:35:39","slug":"le-petit-culbuto","status":"publish","type":"page","link":"https:\/\/galeriepromitto.com\/index.php\/le-petit-culbuto\/","title":{"rendered":"Le PETIT CULBUTO"},"content":{"rendered":"<h1>Le PETIT CULBUTO<\/h1>\n<ul>\n<li>\n<p>        <img decoding=\"async\" src=\"\/wp-content\/uploads\/2025\/06\/DSC_6540-HD-scaled.jpg\" alt=\"\"><\/p>\n<\/li>\n<li>\n<h3>Le PETIT CULBUTO,                                                                                         Un meuble iconique<\/h3>\n<div>\n<p><strong>\u00ab Ce qui me pr\u00e9occupe c&rsquo;est l&rsquo;harmonie. <\/strong><strong>Je cr\u00e9e un \u00e9tat de plaisir sensoriel, plaisir sensuel, je ne recherche pas un effet de provocation. \u00bb Marc Held<\/strong><\/p>\n<p>Le CULBUTO a marqu\u00e9 une rupture radicale avec le mobilier traditionnel.<\/p>\n<div>\n<div><span>N\u00e9 de l&rsquo;esprit visionnaire de Marc Held et des possibilit\u00e9s offertes par les nouveaux mat\u00e9riaux de l&rsquo;\u00e9poque, le fauteuil se distingue par sa coque enveloppante en fibre de verre et sa base arrondie unique. Celle-ci permet non seulement un <strong>doux mouvement de bascule<\/strong>, mais aussi une capacit\u00e9 de <strong>pivotement fluide et naturel<\/strong> \u2014 une innovation remarquable pour l\u2019\u00e9poque.<\/span><\/div>\n<div><span>Ce double mouvement, \u00e0 la fois ludique et intuitif, contribue \u00e0 une exp\u00e9rience d\u2019assise in\u00e9dite, m\u00ealant libert\u00e9 gestuelle et confort dynamique.<\/span><\/div>\n<div><span>Le fauteuil incarne ainsi l\u2019optimisme, la modernit\u00e9 et la recherche de nouvelles formes de confort informel, propres aux ann\u00e9es 60 et 70.<\/span><\/div>\n<\/div>\n<p><strong>Son design audacieux, \u00e0 la fois sculptural et ergonomique,<\/strong> en a fait une pi\u00e8ce ma\u00eetresse de l\u2019histoire du design, unanimement reconnue.<\/p>\n<\/p>\n<\/div>\n<\/li>\n<\/ul>\n<div>\n<div style=\"background-color: #eac7c1; padding: 30px 0;\">\n<div class=\"wp-block-group alignfull\" style=\"padding: 0 20px; max-width: 800px; margin: 0 auto; font-family: inherit; color: #fff;\">\n<h2 style=\"text-align: center; color: #fff;\">Des pi\u00e8ces d\u2019exception en nombre tr\u00e8s limit\u00e9 avec variante :<\/h2>\n<p style=\"text-align: center;\">Alors que les CULBUTO originels, con\u00e7us dans les ann\u00e9es 60-70, exploraient les potentialit\u00e9s de la modernit\u00e9 \u00e0 travers la fibre de verre, seule mati\u00e8re alors capable d\u2019\u00e9pouser ses courbes audacieuses, ces nouvelles pi\u00e8ces renouent avec un mat\u00e9riau cher \u00e0 Marc Held : <strong>le bois.<\/strong><\/p>\n<p style=\"text-align: center;\">Longtemps r\u00e9serv\u00e9 \u00e0 des formes plus simples en raison des contraintes techniques de l\u2019\u00e9poque, le bois n\u2019avait pu donner naissance \u00e0 un CULBUTO.<\/p>\n<p style=\"text-align: center;\"><strong>Aujourd&rsquo;hui, gr\u00e2ce aux outils contemporains, nous pouvons enfin donner vie \u00e0 cette pi\u00e8ce en bois.<\/strong><\/p>\n<\/div>\n<\/div>\n<\/div>\n<ul>\n<li>\n<p>        <img decoding=\"async\" src=\"\/wp-content\/uploads\/2025\/06\/DSC_6631-HD-scaled.jpg\" alt=\"\"><\/p>\n<\/li>\n<li>\n<p>        <img decoding=\"async\" src=\"\/wp-content\/uploads\/2025\/06\/DSC_6650-HD-scaled.jpg\" alt=\"\"><\/p>\n<\/li>\n<li>\n<p>        <img decoding=\"async\" src=\"\/wp-content\/uploads\/2025\/06\/DSC_6616-HD-scaled.jpg\" alt=\"\"><\/p>\n<\/li>\n<\/ul>\n<p><!--more--><br \/>\n<!-- {\"type\":\"layout\",\"children\":[{\"type\":\"section\",\"props\":{\"image_position\":\"center-center\",\"style\":\"default\",\"title_breakpoint\":\"xl\",\"title_position\":\"top-left\",\"title_rotation\":\"left\",\"vertical_align\":\"middle\",\"width\":\"default\"},\"children\":[{\"type\":\"row\",\"children\":[{\"type\":\"column\",\"props\":{\"image_position\":\"center-center\",\"position_sticky_breakpoint\":\"m\"},\"children\":[{\"type\":\"headline\",\"props\":{\"content\":\"Le PETIT CULBUTO\",\"margin\":\"medium\",\"text_align\":\"center\",\"title_color\":\"muted\",\"title_element\":\"h1\",\"title_style\":\"heading-small\"}},{\"type\":\"grid\",\"props\":{\"content_column_breakpoint\":\"m\",\"filter_align\":\"left\",\"filter_all\":true,\"filter_grid_breakpoint\":\"m\",\"filter_grid_width\":\"auto\",\"filter_position\":\"top\",\"filter_style\":\"tab\",\"grid_default\":\"1\",\"grid_large\":\"2\",\"grid_medium\":\"2\",\"icon_width\":80,\"image_align\":\"top\",\"image_grid_breakpoint\":\"m\",\"image_grid_width\":\"1-2\",\"image_svg_color\":\"emphasis\",\"item_animation\":true,\"lightbox_bg_close\":true,\"link_style\":\"default\",\"link_text\":\"Read more\",\"margin\":\"default\",\"meta_align\":\"below-title\",\"meta_element\":\"div\",\"meta_style\":\"text-meta\",\"show_content\":true,\"show_hover_image\":true,\"show_hover_video\":true,\"show_image\":true,\"show_link\":true,\"show_meta\":true,\"show_title\":true,\"show_video\":true,\"title_align\":\"top\",\"title_element\":\"h3\",\"title_grid_breakpoint\":\"m\",\"title_grid_width\":\"1-2\",\"title_hover_style\":\"reset\"},\"children\":[{\"type\":\"grid_item\",\"props\":{\"content\":\"\",\"image\":\"wp-content\\\/uploads\\\/2025\\\/06\\\/DSC_6540-HD-scaled.jpg\"}},{\"type\":\"grid_item\",\"props\":{\"content\":\"\n\n<p><strong>\\u00ab Ce qui me pr\\u00e9occupe c'est l'harmonie. <\\\/strong><strong>Je cr\\u00e9e un \\u00e9tat de plaisir sensoriel, plaisir sensuel, je ne recherche pas un effet de provocation. \\u00bb Marc Held<\\\/strong><\\\/p>\\n\n\n<p>Le CULBUTO a marqu\\u00e9 une rupture radicale avec le mobilier traditionnel.<\\\/p>\\n\n\n<div>\\n\n\n<div><span>N\\u00e9 de l'esprit visionnaire de Marc Held et des possibilit\\u00e9s offertes par les nouveaux mat\\u00e9riaux de l'\\u00e9poque, le fauteuil se distingue par sa coque enveloppante en fibre de verre et sa base arrondie unique. Celle-ci permet non seulement un <strong>doux mouvement de bascule<\\\/strong>, mais aussi une capacit\\u00e9 de <strong>pivotement fluide et naturel<\\\/strong> \\u2014 une innovation remarquable pour l\\u2019\\u00e9poque.<\\\/span><\\\/div>\\n\n\n<div><span>Ce double mouvement, \\u00e0 la fois ludique et intuitif, contribue \\u00e0 une exp\\u00e9rience d\\u2019assise in\\u00e9dite, m\\u00ealant libert\\u00e9 gestuelle et confort dynamique.<\\\/span><\\\/div>\\n\n\n<div><span>Le fauteuil incarne ainsi l\\u2019optimisme, la modernit\\u00e9 et la recherche de nouvelles formes de confort informel, propres aux ann\\u00e9es 60 et 70.<\\\/span><\\\/div>\\n<\\\/div>\\n\n\n<p><strong>Son design audacieux, \\u00e0 la fois sculptural et ergonomique,<\\\/strong> en a fait une pi\\u00e8ce ma\\u00eetresse de l\\u2019histoire du design, unanimement reconnue.<\\\/p>\\n\n\n<p><\\\/p>\\n\n\n<p><\\\/p>\",\"title\":\"Le PETIT CULBUTO,                                                                                         Un meuble iconique\"}}]},{\"type\":\"text\",\"props\":{\"column_breakpoint\":\"m\",\"content\":\"\n\n<div style=\\\"background-color: #eac7c1; padding: 30px 0;\\\">\\n\n\n<div class=\\\"wp-block-group alignfull\\\" style=\\\"padding: 0 20px; max-width: 800px; margin: 0 auto; font-family: inherit; color: #fff;\\\">\\n\n\n<h2 style=\\\"text-align: center; color: #fff;\\\">Des pi\\u00e8ces d\\u2019exception en nombre tr\\u00e8s limit\\u00e9 avec variante :<\\\/h2>\\n\n\n<p style=\\\"text-align: center;\\\">Alors que les CULBUTO originels, con\\u00e7us dans les ann\\u00e9es 60-70, exploraient les potentialit\\u00e9s de la modernit\\u00e9 \\u00e0 travers la fibre de verre, seule mati\\u00e8re alors capable d\\u2019\\u00e9pouser ses courbes audacieuses, ces nouvelles pi\\u00e8ces renouent avec un mat\\u00e9riau cher \\u00e0 Marc Held : <strong>le bois.<\\\/strong><\\\/p>\\n\n\n<p style=\\\"text-align: center;\\\">Longtemps r\\u00e9serv\\u00e9 \\u00e0 des formes plus simples en raison des contraintes techniques de l\\u2019\\u00e9poque, le bois n\\u2019avait pu donner naissance \\u00e0 un CULBUTO.<\\\/p>\\n\n\n<p style=\\\"text-align: center;\\\"><strong>Aujourd'hui, gr\\u00e2ce aux outils contemporains, nous pouvons enfin donner vie \\u00e0 cette pi\\u00e8ce en bois.<\\\/strong><\\\/p>\\n<\\\/div>\\n<\\\/div>\",\"dropcap\":false,\"margin\":\"default\"}},{\"type\":\"slideshow\",\"props\":{\"link_style\":\"default\",\"link_text\":\"Read more\",\"margin\":\"default\",\"meta_align\":\"below-title\",\"meta_element\":\"div\",\"meta_style\":\"text-meta\",\"nav\":\"dotnav\",\"nav_align\":\"center\",\"nav_breakpoint\":\"s\",\"nav_position\":\"bottom-center\",\"nav_position_margin\":\"medium\",\"overlay_animation\":\"parallax\",\"overlay_position\":\"center-left\",\"show_content\":true,\"show_link\":true,\"show_meta\":true,\"show_thumbnail\":true,\"show_title\":true,\"slidenav\":\"default\",\"slidenav_breakpoint\":\"s\",\"slidenav_margin\":\"medium\",\"slidenav_outside_breakpoint\":\"xl\",\"slideshow_autoplay_pause\":true,\"slideshow_min_height\":300,\"thumbnav_height\":\"75\",\"thumbnav_svg_color\":\"emphasis\",\"thumbnav_width\":\"100\",\"title_element\":\"h3\",\"title_hover_style\":\"reset\"},\"children\":[{\"type\":\"slideshow_item\",\"props\":{\"image\":\"wp-content\\\/uploads\\\/2025\\\/06\\\/DSC_6631-HD-scaled.jpg\",\"title\":\"\"}},{\"type\":\"slideshow_item\",\"props\":{\"image\":\"wp-content\\\/uploads\\\/2025\\\/06\\\/DSC_6650-HD-scaled.jpg\",\"title\":\"\"}},{\"type\":\"slideshow_item\",\"props\":{\"image\":\"wp-content\\\/uploads\\\/2025\\\/06\\\/DSC_6616-HD-scaled.jpg\"}}]}]}]}]}],\"version\":\"4.5.20\"} --><\/p>\n","protected":false},"excerpt":{"rendered":"<p>Le PETIT CULBUTO Le PETIT CULBUTO, Un meuble iconique \u00ab Ce qui me pr\u00e9occupe c&rsquo;est l&rsquo;harmonie. Je cr\u00e9e un \u00e9tat de plaisir sensoriel, plaisir sensuel, je ne recherche pas un effet de provocation. \u00bb Marc Held Le CULBUTO a marqu\u00e9 une rupture radicale avec le mobilier traditionnel. N\u00e9 de l&rsquo;esprit visionnaire de Marc Held et [&hellip;]<\/p>\n","protected":false},"author":1,"featured_media":0,"parent":0,"menu_order":0,"comment_status":"closed","ping_status":"closed","template":"","meta":{"footnotes":""},"class_list":["post-197","page","type-page","status-publish","hentry"],"aioseo_notices":[],"_links":{"self":[{"href":"https:\/\/galeriepromitto.com\/index.php\/wp-json\/wp\/v2\/pages\/197","targetHints":{"allow":["GET"]}}],"collection":[{"href":"https:\/\/galeriepromitto.com\/index.php\/wp-json\/wp\/v2\/pages"}],"about":[{"href":"https:\/\/galeriepromitto.com\/index.php\/wp-json\/wp\/v2\/types\/page"}],"author":[{"embeddable":true,"href":"https:\/\/galeriepromitto.com\/index.php\/wp-json\/wp\/v2\/users\/1"}],"replies":[{"embeddable":true,"href":"https:\/\/galeriepromitto.com\/index.php\/wp-json\/wp\/v2\/comments?post=197"}],"version-history":[{"count":37,"href":"https:\/\/galeriepromitto.com\/index.php\/wp-json\/wp\/v2\/pages\/197\/revisions"}],"predecessor-version":[{"id":675,"href":"https:\/\/galeriepromitto.com\/index.php\/wp-json\/wp\/v2\/pages\/197\/revisions\/675"}],"wp:attachment":[{"href":"https:\/\/galeriepromitto.com\/index.php\/wp-json\/wp\/v2\/media?parent=197"}],"curies":[{"name":"wp","href":"https:\/\/api.w.org\/{rel}","templated":true}]}}