{"id":194,"date":"2025-06-06T16:38:13","date_gmt":"2025-06-06T14:38:13","guid":{"rendered":"https:\/\/slategray-stork-623967.hostingersite.com\/?page_id=194"},"modified":"2025-11-28T11:55:18","modified_gmt":"2025-11-28T10:55:18","slug":"contact","status":"publish","type":"page","link":"https:\/\/galeriepromitto.com\/index.php\/contact\/","title":{"rendered":"Contact"},"content":{"rendered":"<h1>Contact<\/h1>\n<ul>\n<li>\n<p>        <img decoding=\"async\" src=\"\/wp-content\/uploads\/2025\/11\/carte-gp-opt.png\" alt=\"\"><\/p>\n<\/li>\n<li>\n<div>\n<div>\n<p>Situ\u00e9e au 32 rue de Bourgogne, en plein c\u0153ur du 7e arrondissement de Paris, la Galerie Promitto se trouve \u00e0 seulement 3 minutes \u00e0 pied du mus\u00e9e Rodin et \u00e0 deux pas des Invalides.<\/p>\n<\/p>\n<\/div>\n<div><\/div>\n<div><\/div>\n<div><\/div>\n<div><\/div>\n<div class=\"menu_bottom\">32 rue de Bourgogne, 75007 PARIS<\/div>\n<div><\/div>\n<div class=\"menu_bottom\">Ouvert uniquement sur rendez vous<\/div>\n<div>Du Mardi au Samedi<\/div>\n<div><\/div>\n<div class=\"menu_bottom\"><span>\u00a0<\/span><a href=\"http:\/\/T: +33 6 03 66 21 45\">T: +33 6 03 66 21 45<\/a><\/div>\n<div class=\"menu_bottom\"><a href=\"mailto:galeriepromitto@galeriepromitto.com\">galeriepromitto@galeriepromitto.com<\/a><\/div>\n<\/div>\n<\/li>\n<\/ul>\n<p><!--more--><br \/>\n<!-- {\"type\":\"layout\",\"children\":[{\"type\":\"section\",\"props\":{\"image_position\":\"center-center\",\"style\":\"default\",\"title_breakpoint\":\"xl\",\"title_position\":\"top-left\",\"title_rotation\":\"left\",\"vertical_align\":\"middle\",\"width\":\"default\"},\"children\":[{\"type\":\"row\",\"children\":[{\"type\":\"column\",\"props\":{\"image_position\":\"center-center\",\"position_sticky_breakpoint\":\"m\"},\"children\":[{\"type\":\"headline\",\"props\":{\"content\":\"Contact\",\"margin\":\"medium\",\"text_align\":\"center\",\"title_color\":\"muted\",\"title_element\":\"h1\",\"title_style\":\"heading-small\"}},{\"type\":\"grid\",\"props\":{\"content_column_breakpoint\":\"m\",\"filter_align\":\"left\",\"filter_all\":true,\"filter_grid_breakpoint\":\"m\",\"filter_grid_width\":\"auto\",\"filter_position\":\"top\",\"filter_style\":\"tab\",\"grid_default\":\"1\",\"grid_large\":\"2\",\"grid_medium\":\"3\",\"icon_width\":80,\"image_align\":\"top\",\"image_grid_breakpoint\":\"m\",\"image_grid_width\":\"1-2\",\"image_svg_color\":\"emphasis\",\"item_animation\":true,\"lightbox_bg_close\":true,\"link_style\":\"default\",\"link_text\":\"Read more\",\"margin\":\"default\",\"meta_align\":\"below-title\",\"meta_element\":\"div\",\"meta_style\":\"text-meta\",\"show_content\":true,\"show_hover_image\":true,\"show_hover_video\":true,\"show_image\":true,\"show_link\":true,\"show_meta\":true,\"show_title\":true,\"show_video\":true,\"title_align\":\"top\",\"title_element\":\"h3\",\"title_grid_breakpoint\":\"m\",\"title_grid_width\":\"1-2\",\"title_hover_style\":\"reset\"},\"children\":[{\"type\":\"grid_item\",\"props\":{\"image\":\"wp-content\\\/uploads\\\/2025\\\/11\\\/carte-gp-opt.png\"}},{\"type\":\"grid_item\",\"props\":{\"content\":\"\n\n<div>\\n\n\n<p>Situ\\u00e9e au 32 rue de Bourgogne, en plein c\\u0153ur du 7e arrondissement de Paris, la Galerie Promitto se trouve \\u00e0 seulement 3 minutes \\u00e0 pied du mus\\u00e9e Rodin et \\u00e0 deux pas des Invalides.<\\\/p>\\n\n\n<p><\\\/p>\\n<\\\/div>\\n\n\n<div><\\\/div>\\n\n\n<div><\\\/div>\\n\n\n<div><\\\/div>\\n\n\n<div><\\\/div>\\n\n\n<div class=\\\"menu_bottom\\\">32 rue de Bourgogne, 75007 PARIS<\\\/div>\\n\n\n<div><\\\/div>\\n\n\n<div class=\\\"menu_bottom\\\">Ouvert uniquement sur rendez vous<\\\/div>\\n\n\n<div>Du Mardi au Samedi<\\\/div>\\n\n\n<div><\\\/div>\\n\n\n<div class=\\\"menu_bottom\\\"><span>\\u00a0<\\\/span><a href=\\\"http:\\\/\\\/T: +33 6 03 66 21 45\\\">T: +33 6 03 66 21 45<\\\/a><\\\/div>\\n\n\n<div class=\\\"menu_bottom\\\"><a href=\\\"mailto:galeriepromitto@galeriepromitto.com\\\">galeriepromitto@galeriepromitto.com<\\\/a><\\\/div>\"}}]}]}]}]},{\"type\":\"section\",\"props\":{\"image_position\":\"center-center\",\"style\":\"default\",\"title_breakpoint\":\"xl\",\"title_position\":\"top-left\",\"title_rotation\":\"left\",\"vertical_align\":\"middle\",\"width\":\"default\"},\"children\":[{\"type\":\"row\",\"children\":[{\"type\":\"column\",\"props\":{\"image_position\":\"center-center\",\"position_sticky_breakpoint\":\"m\"}}]}]}],\"version\":\"4.5.20\"} --><\/p>\n","protected":false},"excerpt":{"rendered":"<p>Contact Situ\u00e9e au 32 rue de Bourgogne, en plein c\u0153ur du 7e arrondissement de Paris, la Galerie Promitto se trouve \u00e0 seulement 3 minutes \u00e0 pied du mus\u00e9e Rodin et \u00e0 deux pas des Invalides. 32 rue de Bourgogne, 75007 PARIS Ouvert uniquement sur rendez vous Du Mardi au Samedi \u00a0T: +33 6 03 66 [&hellip;]<\/p>\n","protected":false},"author":1,"featured_media":0,"parent":0,"menu_order":0,"comment_status":"closed","ping_status":"closed","template":"","meta":{"footnotes":""},"class_list":["post-194","page","type-page","status-publish","hentry"],"aioseo_notices":[],"_links":{"self":[{"href":"https:\/\/galeriepromitto.com\/index.php\/wp-json\/wp\/v2\/pages\/194","targetHints":{"allow":["GET"]}}],"collection":[{"href":"https:\/\/galeriepromitto.com\/index.php\/wp-json\/wp\/v2\/pages"}],"about":[{"href":"https:\/\/galeriepromitto.com\/index.php\/wp-json\/wp\/v2\/types\/page"}],"author":[{"embeddable":true,"href":"https:\/\/galeriepromitto.com\/index.php\/wp-json\/wp\/v2\/users\/1"}],"replies":[{"embeddable":true,"href":"https:\/\/galeriepromitto.com\/index.php\/wp-json\/wp\/v2\/comments?post=194"}],"version-history":[{"count":24,"href":"https:\/\/galeriepromitto.com\/index.php\/wp-json\/wp\/v2\/pages\/194\/revisions"}],"predecessor-version":[{"id":686,"href":"https:\/\/galeriepromitto.com\/index.php\/wp-json\/wp\/v2\/pages\/194\/revisions\/686"}],"wp:attachment":[{"href":"https:\/\/galeriepromitto.com\/index.php\/wp-json\/wp\/v2\/media?parent=194"}],"curies":[{"name":"wp","href":"https:\/\/api.w.org\/{rel}","templated":true}]}}